{"id":321,"date":"2022-07-12T20:08:55","date_gmt":"2022-07-12T20:08:55","guid":{"rendered":"https:\/\/kresinas.com.br\/en\/?page_id=321"},"modified":"2022-08-03T19:12:00","modified_gmt":"2022-08-03T19:12:00","slug":"location","status":"publish","type":"page","link":"https:\/\/kresinas.com.br\/en\/location\/","title":{"rendered":"Location"},"content":{"rendered":"\t\t<div data-elementor-type=\"wp-page\" data-elementor-id=\"321\" class=\"elementor elementor-321\">\n\t\t\t\t\t\t\t\t\t<section class=\"elementor-section elementor-top-section elementor-element elementor-element-f08c9cc elementor-hidden-desktop elementor-hidden-tablet elementor-section-boxed elementor-section-height-default elementor-section-height-default\" data-id=\"f08c9cc\" data-element_type=\"section\" data-settings=\"{&quot;background_background&quot;:&quot;classic&quot;}\">\n\t\t\t\t\t\t<div class=\"elementor-container elementor-column-gap-default\">\n\t\t\t\t\t<div class=\"elementor-column elementor-col-100 elementor-top-column elementor-element elementor-element-fdb3218\" data-id=\"fdb3218\" data-element_type=\"column\">\n\t\t\t<div class=\"elementor-widget-wrap elementor-element-populated\">\n\t\t\t\t\t\t\t\t<div class=\"elementor-element elementor-element-7099c67 elementor-widget elementor-widget-spacer\" data-id=\"7099c67\" data-element_type=\"widget\" data-widget_type=\"spacer.default\">\n\t\t\t\t<div class=\"elementor-widget-container\">\n\t\t\t<style>\/*! elementor - v3.6.7 - 03-07-2022 *\/\n.e-container.e-container--row .elementor-spacer-inner{width:var(--spacer-size)}.e-container.e-container--column .elementor-spacer-inner,.elementor-column .elementor-spacer-inner{height:var(--spacer-size)}<\/style>\t\t<div class=\"elementor-spacer\">\n\t\t\t<div class=\"elementor-spacer-inner\"><\/div>\n\t\t<\/div>\n\t\t\t\t<\/div>\n\t\t\t\t<\/div>\n\t\t\t\t\t<\/div>\n\t\t<\/div>\n\t\t\t\t\t\t\t<\/div>\n\t\t<\/section>\n\t\t\t\t<section class=\"elementor-section elementor-top-section elementor-element elementor-element-6d59685 elementor-section-boxed elementor-section-height-default elementor-section-height-default\" data-id=\"6d59685\" data-element_type=\"section\" data-settings=\"{&quot;background_background&quot;:&quot;classic&quot;}\">\n\t\t\t\t\t\t<div class=\"elementor-container elementor-column-gap-default\">\n\t\t\t\t\t<div class=\"elementor-column elementor-col-100 elementor-top-column elementor-element elementor-element-42779c7c\" data-id=\"42779c7c\" data-element_type=\"column\">\n\t\t\t<div class=\"elementor-widget-wrap elementor-element-populated\">\n\t\t\t\t\t\t\t\t<div class=\"elementor-element elementor-element-7d56b18f elementor-widget elementor-widget-heading\" data-id=\"7d56b18f\" data-element_type=\"widget\" data-widget_type=\"heading.default\">\n\t\t\t\t<div class=\"elementor-widget-container\">\n\t\t\t<style>\/*! elementor - v3.6.7 - 03-07-2022 *\/\n.elementor-heading-title{padding:0;margin:0;line-height:1}.elementor-widget-heading .elementor-heading-title[class*=elementor-size-]>a{color:inherit;font-size:inherit;line-height:inherit}.elementor-widget-heading .elementor-heading-title.elementor-size-small{font-size:15px}.elementor-widget-heading .elementor-heading-title.elementor-size-medium{font-size:19px}.elementor-widget-heading .elementor-heading-title.elementor-size-large{font-size:29px}.elementor-widget-heading .elementor-heading-title.elementor-size-xl{font-size:39px}.elementor-widget-heading .elementor-heading-title.elementor-size-xxl{font-size:59px}<\/style><h2 class=\"elementor-heading-title elementor-size-default\">\nLocation<\/h2>\t\t<\/div>\n\t\t\t\t<\/div>\n\t\t\t\t<div class=\"elementor-element elementor-element-199abd45 elementor-widget elementor-widget-heading\" data-id=\"199abd45\" data-element_type=\"widget\" data-widget_type=\"heading.default\">\n\t\t\t\t<div class=\"elementor-widget-container\">\n\t\t\t<p class=\"elementor-heading-title elementor-size-default\">We are located in Alameda Lorena, 1304 - Conjunto 1302\/1303 \u2013 Jardim Paulista, S\u00e3o Paulo-SP, Brasil, CEP 01424-906.<\/p>\t\t<\/div>\n\t\t\t\t<\/div>\n\t\t\t\t\t<\/div>\n\t\t<\/div>\n\t\t\t\t\t\t\t<\/div>\n\t\t<\/section>\n\t\t\t\t<section class=\"elementor-section elementor-top-section elementor-element elementor-element-edc6b24 elementor-section-full_width elementor-section-height-default elementor-section-height-default\" data-id=\"edc6b24\" data-element_type=\"section\">\n\t\t\t\t\t\t<div class=\"elementor-container elementor-column-gap-default\">\n\t\t\t\t\t<div class=\"elementor-column elementor-col-100 elementor-top-column elementor-element elementor-element-f98750b\" data-id=\"f98750b\" data-element_type=\"column\">\n\t\t\t<div class=\"elementor-widget-wrap elementor-element-populated\">\n\t\t\t\t\t\t\t\t<div class=\"elementor-element elementor-element-b7fc58e elementor-widget elementor-widget-google_maps\" data-id=\"b7fc58e\" data-element_type=\"widget\" data-widget_type=\"google_maps.default\">\n\t\t\t\t<div class=\"elementor-widget-container\">\n\t\t\t<style>\/*! elementor - v3.6.7 - 03-07-2022 *\/\n.elementor-widget-google_maps .elementor-widget-container{overflow:hidden}.elementor-widget-google_maps iframe{height:300px}<\/style>\t\t<div class=\"elementor-custom-embed\">\n\t\t\t<iframe frameborder=\"0\" scrolling=\"no\" marginheight=\"0\" marginwidth=\"0\"\n\t\t\t\t\tsrc=\"https:\/\/maps.google.com\/maps?q=Kresinas%20Com%C3%A9rcio%20e%20Importa%C3%A7%C3%A3o%20-%20Alameda%20Lorena%20-%20Cerqueira%20C%C3%A9sar%2C%20S%C3%A3o%20Paulo%20-%20SP&#038;t=m&#038;z=14&#038;output=embed&#038;iwloc=near\"\n\t\t\t\t\ttitle=\"Kresinas Com\u00e9rcio e Importa\u00e7\u00e3o - Alameda Lorena - Cerqueira C\u00e9sar, S\u00e3o Paulo - SP\"\n\t\t\t\t\taria-label=\"Kresinas Com\u00e9rcio e Importa\u00e7\u00e3o - Alameda Lorena - Cerqueira C\u00e9sar, S\u00e3o Paulo - SP\"\n\t\t\t><\/iframe>\n\t\t<\/div>\n\t\t\t\t<\/div>\n\t\t\t\t<\/div>\n\t\t\t\t\t<\/div>\n\t\t<\/div>\n\t\t\t\t\t\t\t<\/div>\n\t\t<\/section>\n\t\t\t\t\t\t\t<\/div>\n\t\t","protected":false},"excerpt":{"rendered":"<p>Location We are located in Alameda Lorena, 1304 &#8211; Conjunto 1302\/1303 \u2013 Jardim Paulista, S\u00e3o Paulo-SP, Brasil, CEP 01424-906.<\/p>\n","protected":false},"author":1,"featured_media":0,"parent":0,"menu_order":0,"comment_status":"closed","ping_status":"closed","template":"","meta":{"inline_featured_image":false,"footnotes":""},"class_list":["post-321","page","type-page","status-publish","hentry"],"yoast_head":"<!-- This site is optimized with the Yoast SEO plugin v27.3 - https:\/\/yoast.com\/product\/yoast-seo-wordpress\/ -->\n<title>Contact and Location | K-Resinas<\/title>\n<meta name=\"description\" content=\"We are located in Alameda Lorena, 1304 - Conjunto 1302\/1303 \u2013 Jardim Paulista, S\u00e3o Paulo-SP, Brasil, CEP 01424-001. Phone: (11) 3081-9656\" \/>\n<meta name=\"robots\" content=\"index, follow, max-snippet:-1, max-image-preview:large, max-video-preview:-1\" \/>\n<link rel=\"canonical\" href=\"https:\/\/kresinas.com.br\/en\/location\/\" \/>\n<meta property=\"og:locale\" content=\"pt_BR\" \/>\n<meta property=\"og:type\" content=\"article\" \/>\n<meta property=\"og:title\" content=\"Contact and Location | K-Resinas\" \/>\n<meta property=\"og:description\" content=\"We are located in Alameda Lorena, 1304 - Conjunto 1302\/1303 \u2013 Jardim Paulista, S\u00e3o Paulo-SP, Brasil, CEP 01424-001. Phone: (11) 3081-9656\" \/>\n<meta property=\"og:url\" content=\"https:\/\/kresinas.com.br\/en\/location\/\" \/>\n<meta property=\"og:site_name\" content=\"K-Resinas\" \/>\n<meta property=\"article:modified_time\" content=\"2022-08-03T19:12:00+00:00\" \/>\n<meta name=\"twitter:card\" content=\"summary_large_image\" \/>\n<meta name=\"twitter:label1\" content=\"Est. tempo de leitura\" \/>\n\t<meta name=\"twitter:data1\" content=\"1 minuto\" \/>\n<script type=\"application\/ld+json\" class=\"yoast-schema-graph\">{\"@context\":\"https:\\\/\\\/schema.org\",\"@graph\":[{\"@type\":\"WebPage\",\"@id\":\"https:\\\/\\\/kresinas.com.br\\\/en\\\/location\\\/\",\"url\":\"https:\\\/\\\/kresinas.com.br\\\/en\\\/location\\\/\",\"name\":\"Contact and Location | K-Resinas\",\"isPartOf\":{\"@id\":\"https:\\\/\\\/kresinas.com.br\\\/en\\\/#website\"},\"datePublished\":\"2022-07-12T20:08:55+00:00\",\"dateModified\":\"2022-08-03T19:12:00+00:00\",\"description\":\"We are located in Alameda Lorena, 1304 - Conjunto 1302\\\/1303 \u2013 Jardim Paulista, S\u00e3o Paulo-SP, Brasil, CEP 01424-001. Phone: (11) 3081-9656\",\"breadcrumb\":{\"@id\":\"https:\\\/\\\/kresinas.com.br\\\/en\\\/location\\\/#breadcrumb\"},\"inLanguage\":\"pt-BR\",\"potentialAction\":[{\"@type\":\"ReadAction\",\"target\":[\"https:\\\/\\\/kresinas.com.br\\\/en\\\/location\\\/\"]}]},{\"@type\":\"BreadcrumbList\",\"@id\":\"https:\\\/\\\/kresinas.com.br\\\/en\\\/location\\\/#breadcrumb\",\"itemListElement\":[{\"@type\":\"ListItem\",\"position\":1,\"name\":\"In\u00edcio\",\"item\":\"https:\\\/\\\/kresinas.com.br\\\/en\\\/\"},{\"@type\":\"ListItem\",\"position\":2,\"name\":\"Location\"}]},{\"@type\":\"WebSite\",\"@id\":\"https:\\\/\\\/kresinas.com.br\\\/en\\\/#website\",\"url\":\"https:\\\/\\\/kresinas.com.br\\\/en\\\/\",\"name\":\"K-Resinas\",\"description\":\"Trade in Hydrogenated, Aromatic and Aliphatic Hydrocarbon Resins\",\"publisher\":{\"@id\":\"https:\\\/\\\/kresinas.com.br\\\/en\\\/#organization\"},\"potentialAction\":[{\"@type\":\"SearchAction\",\"target\":{\"@type\":\"EntryPoint\",\"urlTemplate\":\"https:\\\/\\\/kresinas.com.br\\\/en\\\/?s={search_term_string}\"},\"query-input\":{\"@type\":\"PropertyValueSpecification\",\"valueRequired\":true,\"valueName\":\"search_term_string\"}}],\"inLanguage\":\"pt-BR\"},{\"@type\":\"Organization\",\"@id\":\"https:\\\/\\\/kresinas.com.br\\\/en\\\/#organization\",\"name\":\"K-Resinas\",\"url\":\"https:\\\/\\\/kresinas.com.br\\\/en\\\/\",\"logo\":{\"@type\":\"ImageObject\",\"inLanguage\":\"pt-BR\",\"@id\":\"https:\\\/\\\/kresinas.com.br\\\/en\\\/#\\\/schema\\\/logo\\\/image\\\/\",\"url\":\"https:\\\/\\\/kresinas.com.br\\\/en\\\/wp-content\\\/uploads\\\/2022\\\/07\\\/k-resinas-en.svg\",\"contentUrl\":\"https:\\\/\\\/kresinas.com.br\\\/en\\\/wp-content\\\/uploads\\\/2022\\\/07\\\/k-resinas-en.svg\",\"width\":150,\"height\":43,\"caption\":\"K-Resinas\"},\"image\":{\"@id\":\"https:\\\/\\\/kresinas.com.br\\\/en\\\/#\\\/schema\\\/logo\\\/image\\\/\"}}]}<\/script>\n<!-- \/ Yoast SEO plugin. -->","yoast_head_json":{"title":"Contact and Location | K-Resinas","description":"We are located in Alameda Lorena, 1304 - Conjunto 1302\/1303 \u2013 Jardim Paulista, S\u00e3o Paulo-SP, Brasil, CEP 01424-001. Phone: (11) 3081-9656","robots":{"index":"index","follow":"follow","max-snippet":"max-snippet:-1","max-image-preview":"max-image-preview:large","max-video-preview":"max-video-preview:-1"},"canonical":"https:\/\/kresinas.com.br\/en\/location\/","og_locale":"pt_BR","og_type":"article","og_title":"Contact and Location | K-Resinas","og_description":"We are located in Alameda Lorena, 1304 - Conjunto 1302\/1303 \u2013 Jardim Paulista, S\u00e3o Paulo-SP, Brasil, CEP 01424-001. Phone: (11) 3081-9656","og_url":"https:\/\/kresinas.com.br\/en\/location\/","og_site_name":"K-Resinas","article_modified_time":"2022-08-03T19:12:00+00:00","twitter_card":"summary_large_image","twitter_misc":{"Est. tempo de leitura":"1 minuto"},"schema":{"@context":"https:\/\/schema.org","@graph":[{"@type":"WebPage","@id":"https:\/\/kresinas.com.br\/en\/location\/","url":"https:\/\/kresinas.com.br\/en\/location\/","name":"Contact and Location | K-Resinas","isPartOf":{"@id":"https:\/\/kresinas.com.br\/en\/#website"},"datePublished":"2022-07-12T20:08:55+00:00","dateModified":"2022-08-03T19:12:00+00:00","description":"We are located in Alameda Lorena, 1304 - Conjunto 1302\/1303 \u2013 Jardim Paulista, S\u00e3o Paulo-SP, Brasil, CEP 01424-001. Phone: (11) 3081-9656","breadcrumb":{"@id":"https:\/\/kresinas.com.br\/en\/location\/#breadcrumb"},"inLanguage":"pt-BR","potentialAction":[{"@type":"ReadAction","target":["https:\/\/kresinas.com.br\/en\/location\/"]}]},{"@type":"BreadcrumbList","@id":"https:\/\/kresinas.com.br\/en\/location\/#breadcrumb","itemListElement":[{"@type":"ListItem","position":1,"name":"In\u00edcio","item":"https:\/\/kresinas.com.br\/en\/"},{"@type":"ListItem","position":2,"name":"Location"}]},{"@type":"WebSite","@id":"https:\/\/kresinas.com.br\/en\/#website","url":"https:\/\/kresinas.com.br\/en\/","name":"K-Resinas","description":"Trade in Hydrogenated, Aromatic and Aliphatic Hydrocarbon Resins","publisher":{"@id":"https:\/\/kresinas.com.br\/en\/#organization"},"potentialAction":[{"@type":"SearchAction","target":{"@type":"EntryPoint","urlTemplate":"https:\/\/kresinas.com.br\/en\/?s={search_term_string}"},"query-input":{"@type":"PropertyValueSpecification","valueRequired":true,"valueName":"search_term_string"}}],"inLanguage":"pt-BR"},{"@type":"Organization","@id":"https:\/\/kresinas.com.br\/en\/#organization","name":"K-Resinas","url":"https:\/\/kresinas.com.br\/en\/","logo":{"@type":"ImageObject","inLanguage":"pt-BR","@id":"https:\/\/kresinas.com.br\/en\/#\/schema\/logo\/image\/","url":"https:\/\/kresinas.com.br\/en\/wp-content\/uploads\/2022\/07\/k-resinas-en.svg","contentUrl":"https:\/\/kresinas.com.br\/en\/wp-content\/uploads\/2022\/07\/k-resinas-en.svg","width":150,"height":43,"caption":"K-Resinas"},"image":{"@id":"https:\/\/kresinas.com.br\/en\/#\/schema\/logo\/image\/"}}]}},"_links":{"self":[{"href":"https:\/\/kresinas.com.br\/en\/wp-json\/wp\/v2\/pages\/321","targetHints":{"allow":["GET"]}}],"collection":[{"href":"https:\/\/kresinas.com.br\/en\/wp-json\/wp\/v2\/pages"}],"about":[{"href":"https:\/\/kresinas.com.br\/en\/wp-json\/wp\/v2\/types\/page"}],"author":[{"embeddable":true,"href":"https:\/\/kresinas.com.br\/en\/wp-json\/wp\/v2\/users\/1"}],"replies":[{"embeddable":true,"href":"https:\/\/kresinas.com.br\/en\/wp-json\/wp\/v2\/comments?post=321"}],"version-history":[{"count":22,"href":"https:\/\/kresinas.com.br\/en\/wp-json\/wp\/v2\/pages\/321\/revisions"}],"predecessor-version":[{"id":783,"href":"https:\/\/kresinas.com.br\/en\/wp-json\/wp\/v2\/pages\/321\/revisions\/783"}],"wp:attachment":[{"href":"https:\/\/kresinas.com.br\/en\/wp-json\/wp\/v2\/media?parent=321"}],"curies":[{"name":"wp","href":"https:\/\/api.w.org\/{rel}","templated":true}]}}